{"id":464,"date":"2024-11-04T16:54:20","date_gmt":"2024-11-04T15:54:20","guid":{"rendered":"https:\/\/www.le-rive-droite.com\/contact\/"},"modified":"2026-01-16T11:56:16","modified_gmt":"2026-01-16T10:56:16","slug":"contact","status":"publish","type":"page","link":"https:\/\/www.le-rive-droite.com\/en\/contact\/","title":{"rendered":"Contact"},"content":{"rendered":"\n<div style=\"height:var(--wp--preset--spacing--50)\" aria-hidden=\"true\" class=\"wp-block-spacer\"><\/div>\n\n\n\n<h1 class=\"wp-block-heading has-text-align-center text-shadow my-5 has-white-color has-text-color has-link-color wp-elements-8729e5e88266f6594f84a441e0d18914\">Contact us<\/h1>\n\n\n\n<div class=\"wp-block-columns is-layout-flex wp-container-core-columns-is-layout-28f84493 wp-block-columns-is-layout-flex\">\n<div class=\"wp-block-column is-layout-flow wp-block-column-is-layout-flow\" style=\"flex-basis:60%\">\n<div class=\"wp-block-group has-white-background-color has-background is-layout-constrained wp-block-group-is-layout-constrained\">\n<h2 class=\"wp-block-heading my-2 has-primary-font-font-family\">Le Rive Droite<\/h2>\n\n\n\n<p class=\"mt-1\">12, rue des Halles &#8211; 45000 ORL\u00c9ANS<br><strong>Open 6\/7 days a week for lunch and dinner<\/strong><br>Tuesday to Thursday : 12pm \u2013 2.15pm \/ 7am \u2013 10.30am<br>Fridays and Saturdays : 12pm \u2013 2.15pm \/ 7am \u2013 11am<br>Sundays : 12pm \u2013 2.15pm<\/p>\n\n\n\n<div class=\"wp-block-cover\" style=\"min-height:266px;aspect-ratio:unset;\"><img loading=\"lazy\" decoding=\"async\" width=\"1620\" height=\"500\" class=\"wp-block-cover__image-background wp-image-290\" alt=\"\" src=\"https:\/\/www.le-rive-droite.com\/wp-content\/uploads\/2024\/11\/Le-Rive-Droite\u00a9Ludovic-LETOT-20-1620x500.jpg\" data-object-fit=\"cover\"\/><span aria-hidden=\"true\" class=\"wp-block-cover__background has-background-dim-0 has-background-dim\"><\/span><div class=\"wp-block-cover__inner-container is-layout-flow wp-block-cover-is-layout-flow\">\n<div class=\"wp-block-buttons has-custom-font-size has-normal-font-size is-content-justification-center is-layout-flex wp-container-core-buttons-is-layout-a89b3969 wp-block-buttons-is-layout-flex\">\n<div class=\"wp-block-button\"><a class=\"wp-block-button__link wp-element-button\" href=\"https:\/\/www.le-rive-droite.com\/reservez-une-table\/\"><i class=\"fa-utensils fa-regular \" ><\/i> Book a table online<\/a><\/div>\n\n\n\n<div class=\"wp-block-button is-style-icon_phone\"><a class=\"wp-block-button__link has-dark-color has-secondary-background-color has-text-color has-background has-link-color wp-element-button\" href=\"tel:+33960089731\">09 60 08 97 31<\/a><\/div>\n\n\n\n<div class=\"wp-block-button\"><a class=\"wp-block-button__link has-dark-color has-secondary-background-color has-text-color has-background has-link-color wp-element-button\" href=\"tel:+33662856811\">06 62 85 68 11 <\/a><\/div>\n<\/div>\n<\/div><\/div>\n<\/div>\n<\/div>\n\n\n\n<div class=\"wp-block-column is-layout-flow wp-block-column-is-layout-flow\">\n<div class=\"wp-block-contact-form-7-contact-form-selector\">\n<div class=\"wpcf7 no-js\" id=\"wpcf7-f5-o1\" lang=\"fr-FR\" dir=\"ltr\" data-wpcf7-id=\"5\">\n<div class=\"screen-reader-response\"><p role=\"status\" aria-live=\"polite\" aria-atomic=\"true\"><\/p> <ul><\/ul><\/div>\n<form action=\"\/en\/wp-json\/wp\/v2\/pages\/464#wpcf7-f5-o1\" method=\"post\" class=\"wpcf7-form init\" aria-label=\"Formulaire de contact\" novalidate=\"novalidate\" data-status=\"init\">\n<div style=\"display: none;\">\n<input type=\"hidden\" name=\"_wpcf7\" value=\"5\" \/>\n<input type=\"hidden\" name=\"_wpcf7_version\" value=\"6.0.4\" \/>\n<input type=\"hidden\" name=\"_wpcf7_locale\" value=\"fr_FR\" \/>\n<input type=\"hidden\" name=\"_wpcf7_unit_tag\" value=\"wpcf7-f5-o1\" \/>\n<input type=\"hidden\" name=\"_wpcf7_container_post\" value=\"0\" \/>\n<input type=\"hidden\" name=\"_wpcf7_posted_data_hash\" value=\"\" \/>\n<\/div>\n<div class=\"form-group row\">\n\t<div class=\"col-md-6\">\n\t\t<p><span class=\"wpcf7-form-control-wrap\" data-name=\"nom\"><input size=\"40\" maxlength=\"400\" class=\"wpcf7-form-control wpcf7-text wpcf7-validates-as-required form-control\" aria-required=\"true\" aria-invalid=\"false\" placeholder=\"Nom*\" value=\"\" type=\"text\" name=\"nom\" \/><\/span>\n\t\t<\/p>\n\t<\/div>\n\t<div class=\"col-md-6\">\n\t\t<p><span class=\"wpcf7-form-control-wrap\" data-name=\"prenom\"><input size=\"40\" maxlength=\"400\" class=\"wpcf7-form-control wpcf7-text wpcf7-validates-as-required form-control\" aria-required=\"true\" aria-invalid=\"false\" placeholder=\"Pr\u00e9nom*\" value=\"\" type=\"text\" name=\"prenom\" \/><\/span>\n\t\t<\/p>\n\t<\/div>\n<\/div>\n<div class=\"form-group row\">\n\t<div class=\"col-md-6\">\n\t\t<p><span class=\"wpcf7-form-control-wrap\" data-name=\"telephone\"><input size=\"40\" maxlength=\"10\" minlength=\"8\" class=\"wpcf7-form-control wpcf7-tel wpcf7-validates-as-required wpcf7-text wpcf7-validates-as-tel form-control tel\" aria-required=\"true\" aria-invalid=\"false\" placeholder=\"06000000000*\" value=\"\" type=\"tel\" name=\"telephone\" \/><\/span>\n\t\t<\/p>\n\t<\/div>\n\t<div class=\"col-md-6\">\n\t\t<p><span class=\"wpcf7-form-control-wrap\" data-name=\"email\"><input size=\"40\" maxlength=\"400\" class=\"wpcf7-form-control wpcf7-email wpcf7-validates-as-required wpcf7-text wpcf7-validates-as-email form-control\" aria-required=\"true\" aria-invalid=\"false\" placeholder=\"Adresse Email\" value=\"\" type=\"email\" name=\"email\" \/><\/span>\n\t\t<\/p>\n\t<\/div>\n<\/div>\n<div class=\"form-group row\">\n\t<div class=\"col-md-12\">\n\t\t<p><span class=\"wpcf7-form-control-wrap\" data-name=\"objetmessage\"><select class=\"wpcf7-form-control wpcf7-select form-select\" aria-invalid=\"false\" name=\"objetmessage\"><option value=\"Je souhaite r\u00e9server une table\">Je souhaite r\u00e9server une table<\/option><option value=\"Une question concernant la privatisation\">Une question concernant la privatisation<\/option><option value=\"autre\">autre<\/option><\/select><\/span>\n\t\t<\/p>\n\t<\/div>\n<\/div>\n<div class=\"form-group row\">\n\t<div class=\"col-md-12\">\n\t\t<p><span class=\"wpcf7-form-control-wrap\" data-name=\"message\"><textarea cols=\"40\" rows=\"3\" maxlength=\"2000\" class=\"wpcf7-form-control wpcf7-textarea form-control\" aria-invalid=\"false\" placeholder=\"Votre message\" name=\"message\"><\/textarea><\/span>\n\t\t<\/p>\n\t<\/div>\n\t<div class=\"col-md-12\">\n\t\t<p><input class=\"wpcf7-form-control wpcf7-submit has-spinner btn btn-secondary btn-block\" type=\"submit\" value=\"Je valide ma demande\" \/>\n\t\t<\/p>\n\t<\/div>\n<\/div>\n<div class=\"form-group row\">\n\t<p class=\"legend text-end\">* Champs obligatoires\n\t<\/p>\n\t<div class=\"alert alert-light\" role=\"alert\">\n\t\t<p><span class=\"wpcf7-form-control-wrap\" data-name=\"acceptance-rgpd\"><span class=\"wpcf7-form-control wpcf7-acceptance\"><span class=\"wpcf7-list-item\"><label><input type=\"checkbox\" name=\"acceptance-rgpd\" value=\"1\" aria-invalid=\"false\" \/><span class=\"wpcf7-list-item-label\">En soumettant ce formulaire, j'accepte que les informations saisies soient utilis\u00e9es pour me recontacter. Je confirme avoir pris connaissance de notre politique de confidentialit\u00e9<\/span><\/label><\/span><\/span><\/span>\n\t\t<\/p>\n\t<\/div>\n<\/div><p style=\"display: none !important;\" class=\"akismet-fields-container\" data-prefix=\"_wpcf7_ak_\"><label>&#916;<textarea name=\"_wpcf7_ak_hp_textarea\" cols=\"45\" rows=\"8\" maxlength=\"100\"><\/textarea><\/label><input type=\"hidden\" id=\"ak_js_1\" name=\"_wpcf7_ak_js\" value=\"144\"\/><script>document.getElementById( \"ak_js_1\" ).setAttribute( \"value\", ( new Date() ).getTime() );<\/script><\/p><div class=\"wpcf7-response-output\" aria-hidden=\"true\"><\/div>\n<\/form>\n<\/div>\n<\/div>\n<\/div>\n<\/div>\n","protected":false},"excerpt":{"rendered":"<p>Contact us Le Rive Droite 12, rue des Halles &#8211; 45000 ORL\u00c9ANSOpen 6\/7 days a week for lunch and dinnerTuesday to Thursday : 12pm \u2013 2.15pm \/ 7am \u2013 10.30amFridays and Saturdays : 12pm \u2013 2.15pm \/ 7am \u2013 11amSundays : 12pm \u2013 2.15pm <\/p>\n<p class=\"readmore\"><a class=\"btn btn-outline-primary btn-sm read-more-link\" href=\"https:\/\/www.le-rive-droite.com\/en\/contact\/\">Read More&#8230;<\/a><\/p>\n","protected":false},"author":1,"featured_media":0,"parent":0,"menu_order":0,"comment_status":"closed","ping_status":"closed","template":"","meta":{"_acf_changed":false,"inline_featured_image":false,"footnotes":""},"class_list":["post-464","page","type-page","status-publish","hentry"],"acf":[],"yoast_head":"<!-- This site is optimized with the Yoast SEO plugin v24.6 - https:\/\/yoast.com\/wordpress\/plugins\/seo\/ -->\n<title>Contact - Le Rive Droite Restaurant \u00e0 Orl\u00e9ans<\/title>\n<meta name=\"robots\" content=\"index, follow, max-snippet:-1, max-image-preview:large, max-video-preview:-1\" \/>\n<link rel=\"canonical\" href=\"https:\/\/www.le-rive-droite.com\/en\/contact\/\" \/>\n<meta property=\"og:locale\" content=\"en_US\" \/>\n<meta property=\"og:type\" content=\"article\" \/>\n<meta property=\"og:title\" content=\"Contact - Le Rive Droite Restaurant \u00e0 Orl\u00e9ans\" \/>\n<meta property=\"og:description\" content=\"Contact us Le Rive Droite 12, rue des Halles &#8211; 45000 ORL\u00c9ANSOpen 6\/7 days a week for lunch and dinnerTuesday to Thursday : 12pm \u2013 2.15pm \/ 7am \u2013 10.30amFridays and Saturdays : 12pm \u2013 2.15pm \/ 7am \u2013 11amSundays : 12pm \u2013 2.15pm Read More...\" \/>\n<meta property=\"og:url\" content=\"https:\/\/www.le-rive-droite.com\/en\/contact\/\" \/>\n<meta property=\"og:site_name\" content=\"Le Rive Droite\" \/>\n<meta property=\"article:publisher\" content=\"https:\/\/fr-fr.facebook.com\/Restaurant-RIVE-Droite-100063733192795\/\" \/>\n<meta property=\"article:modified_time\" content=\"2026-01-16T10:56:16+00:00\" \/>\n<meta property=\"og:image\" content=\"https:\/\/www.le-rive-droite.com\/wp-content\/uploads\/2024\/11\/Le-Rive-Droite\u00a9Ludovic-LETOT-28.jpg\" \/>\n\t<meta property=\"og:image:width\" content=\"1620\" \/>\n\t<meta property=\"og:image:height\" content=\"1080\" \/>\n\t<meta property=\"og:image:type\" content=\"image\/jpeg\" \/>\n<meta name=\"twitter:card\" content=\"summary_large_image\" \/>\n<meta name=\"twitter:label1\" content=\"Est. reading time\" \/>\n\t<meta name=\"twitter:data1\" content=\"1 minute\" \/>\n<script type=\"application\/ld+json\" class=\"yoast-schema-graph\">{\"@context\":\"https:\/\/schema.org\",\"@graph\":[{\"@type\":\"WebPage\",\"@id\":\"https:\/\/www.le-rive-droite.com\/en\/contact\/\",\"url\":\"https:\/\/www.le-rive-droite.com\/en\/contact\/\",\"name\":\"Contact - Le Rive Droite Restaurant \u00e0 Orl\u00e9ans\",\"isPartOf\":{\"@id\":\"https:\/\/www.le-rive-droite.com\/#website\"},\"datePublished\":\"2024-11-04T15:54:20+00:00\",\"dateModified\":\"2026-01-16T10:56:16+00:00\",\"breadcrumb\":{\"@id\":\"https:\/\/www.le-rive-droite.com\/en\/contact\/#breadcrumb\"},\"inLanguage\":\"en-US\",\"potentialAction\":[{\"@type\":\"ReadAction\",\"target\":[\"https:\/\/www.le-rive-droite.com\/en\/contact\/\"]}]},{\"@type\":\"BreadcrumbList\",\"@id\":\"https:\/\/www.le-rive-droite.com\/en\/contact\/#breadcrumb\",\"itemListElement\":[{\"@type\":\"ListItem\",\"position\":1,\"name\":\"Accueil\",\"item\":\"https:\/\/www.le-rive-droite.com\/en\/\"},{\"@type\":\"ListItem\",\"position\":2,\"name\":\"Contact\"}]},{\"@type\":\"WebSite\",\"@id\":\"https:\/\/www.le-rive-droite.com\/#website\",\"url\":\"https:\/\/www.le-rive-droite.com\/\",\"name\":\"Le Rive Droite\",\"description\":\"Restaurant &amp; Bar\",\"publisher\":{\"@id\":\"https:\/\/www.le-rive-droite.com\/#organization\"},\"potentialAction\":[{\"@type\":\"SearchAction\",\"target\":{\"@type\":\"EntryPoint\",\"urlTemplate\":\"https:\/\/www.le-rive-droite.com\/?s={search_term_string}\"},\"query-input\":{\"@type\":\"PropertyValueSpecification\",\"valueRequired\":true,\"valueName\":\"search_term_string\"}}],\"inLanguage\":\"en-US\"},{\"@type\":\"Organization\",\"@id\":\"https:\/\/www.le-rive-droite.com\/#organization\",\"name\":\"Le Rive Droite\",\"url\":\"https:\/\/www.le-rive-droite.com\/\",\"logo\":{\"@type\":\"ImageObject\",\"inLanguage\":\"en-US\",\"@id\":\"https:\/\/www.le-rive-droite.com\/#\/schema\/logo\/image\/\",\"url\":\"https:\/\/www.le-rive-droite.com\/wp-content\/uploads\/2024\/11\/logo-lerivedroite_inline.svg\",\"contentUrl\":\"https:\/\/www.le-rive-droite.com\/wp-content\/uploads\/2024\/11\/logo-lerivedroite_inline.svg\",\"width\":510,\"height\":110,\"caption\":\"Le Rive Droite\"},\"image\":{\"@id\":\"https:\/\/www.le-rive-droite.com\/#\/schema\/logo\/image\/\"},\"sameAs\":[\"https:\/\/fr-fr.facebook.com\/Restaurant-RIVE-Droite-100063733192795\/\",\"https:\/\/www.instagram.com\/le_rive_droite_orleans\/\"]}]}<\/script>\n<!-- \/ Yoast SEO plugin. -->","yoast_head_json":{"title":"Contact - Le Rive Droite Restaurant \u00e0 Orl\u00e9ans","robots":{"index":"index","follow":"follow","max-snippet":"max-snippet:-1","max-image-preview":"max-image-preview:large","max-video-preview":"max-video-preview:-1"},"canonical":"https:\/\/www.le-rive-droite.com\/en\/contact\/","og_locale":"en_US","og_type":"article","og_title":"Contact - Le Rive Droite Restaurant \u00e0 Orl\u00e9ans","og_description":"Contact us Le Rive Droite 12, rue des Halles &#8211; 45000 ORL\u00c9ANSOpen 6\/7 days a week for lunch and dinnerTuesday to Thursday : 12pm \u2013 2.15pm \/ 7am \u2013 10.30amFridays and Saturdays : 12pm \u2013 2.15pm \/ 7am \u2013 11amSundays : 12pm \u2013 2.15pm Read More...","og_url":"https:\/\/www.le-rive-droite.com\/en\/contact\/","og_site_name":"Le Rive Droite","article_publisher":"https:\/\/fr-fr.facebook.com\/Restaurant-RIVE-Droite-100063733192795\/","article_modified_time":"2026-01-16T10:56:16+00:00","og_image":[{"width":1620,"height":1080,"url":"https:\/\/www.le-rive-droite.com\/wp-content\/uploads\/2024\/11\/Le-Rive-Droite\u00a9Ludovic-LETOT-28.jpg","type":"image\/jpeg"}],"twitter_card":"summary_large_image","twitter_misc":{"Est. reading time":"1 minute"},"schema":{"@context":"https:\/\/schema.org","@graph":[{"@type":"WebPage","@id":"https:\/\/www.le-rive-droite.com\/en\/contact\/","url":"https:\/\/www.le-rive-droite.com\/en\/contact\/","name":"Contact - Le Rive Droite Restaurant \u00e0 Orl\u00e9ans","isPartOf":{"@id":"https:\/\/www.le-rive-droite.com\/#website"},"datePublished":"2024-11-04T15:54:20+00:00","dateModified":"2026-01-16T10:56:16+00:00","breadcrumb":{"@id":"https:\/\/www.le-rive-droite.com\/en\/contact\/#breadcrumb"},"inLanguage":"en-US","potentialAction":[{"@type":"ReadAction","target":["https:\/\/www.le-rive-droite.com\/en\/contact\/"]}]},{"@type":"BreadcrumbList","@id":"https:\/\/www.le-rive-droite.com\/en\/contact\/#breadcrumb","itemListElement":[{"@type":"ListItem","position":1,"name":"Accueil","item":"https:\/\/www.le-rive-droite.com\/en\/"},{"@type":"ListItem","position":2,"name":"Contact"}]},{"@type":"WebSite","@id":"https:\/\/www.le-rive-droite.com\/#website","url":"https:\/\/www.le-rive-droite.com\/","name":"Le Rive Droite","description":"Restaurant &amp; Bar","publisher":{"@id":"https:\/\/www.le-rive-droite.com\/#organization"},"potentialAction":[{"@type":"SearchAction","target":{"@type":"EntryPoint","urlTemplate":"https:\/\/www.le-rive-droite.com\/?s={search_term_string}"},"query-input":{"@type":"PropertyValueSpecification","valueRequired":true,"valueName":"search_term_string"}}],"inLanguage":"en-US"},{"@type":"Organization","@id":"https:\/\/www.le-rive-droite.com\/#organization","name":"Le Rive Droite","url":"https:\/\/www.le-rive-droite.com\/","logo":{"@type":"ImageObject","inLanguage":"en-US","@id":"https:\/\/www.le-rive-droite.com\/#\/schema\/logo\/image\/","url":"https:\/\/www.le-rive-droite.com\/wp-content\/uploads\/2024\/11\/logo-lerivedroite_inline.svg","contentUrl":"https:\/\/www.le-rive-droite.com\/wp-content\/uploads\/2024\/11\/logo-lerivedroite_inline.svg","width":510,"height":110,"caption":"Le Rive Droite"},"image":{"@id":"https:\/\/www.le-rive-droite.com\/#\/schema\/logo\/image\/"},"sameAs":["https:\/\/fr-fr.facebook.com\/Restaurant-RIVE-Droite-100063733192795\/","https:\/\/www.instagram.com\/le_rive_droite_orleans\/"]}]}},"_links":{"self":[{"href":"https:\/\/www.le-rive-droite.com\/en\/wp-json\/wp\/v2\/pages\/464","targetHints":{"allow":["GET"]}}],"collection":[{"href":"https:\/\/www.le-rive-droite.com\/en\/wp-json\/wp\/v2\/pages"}],"about":[{"href":"https:\/\/www.le-rive-droite.com\/en\/wp-json\/wp\/v2\/types\/page"}],"author":[{"embeddable":true,"href":"https:\/\/www.le-rive-droite.com\/en\/wp-json\/wp\/v2\/users\/1"}],"replies":[{"embeddable":true,"href":"https:\/\/www.le-rive-droite.com\/en\/wp-json\/wp\/v2\/comments?post=464"}],"version-history":[{"count":4,"href":"https:\/\/www.le-rive-droite.com\/en\/wp-json\/wp\/v2\/pages\/464\/revisions"}],"predecessor-version":[{"id":812,"href":"https:\/\/www.le-rive-droite.com\/en\/wp-json\/wp\/v2\/pages\/464\/revisions\/812"}],"wp:attachment":[{"href":"https:\/\/www.le-rive-droite.com\/en\/wp-json\/wp\/v2\/media?parent=464"}],"curies":[{"name":"wp","href":"https:\/\/api.w.org\/{rel}","templated":true}]}}